{"id":89,"date":"2020-03-13T09:05:54","date_gmt":"2020-03-13T09:05:54","guid":{"rendered":"http:\/\/gecshceruki.org\/?page_id=89"},"modified":"2020-03-17T09:59:18","modified_gmt":"2020-03-17T09:59:18","slug":"contacts-2","status":"publish","type":"page","link":"https:\/\/gecshceruki.org\/en\/contacts-2\/","title":{"rendered":"Contacts"},"content":{"rendered":"<p><strong>Godefroid MUZALIA KIHANGU<\/strong><\/p>\n\n\n\n<p>D\u00e9partement d\u2019Histoire-Sciences sociales<br>Institut Sup\u00e9rieur P\u00e9dagogique de Bukavu (ISP-Bukavu)<br>Directeur du Groupe d\u2019Etudes sur les Conflits et la S\u00e9curit\u00e9 Humaine<br>T\u00e9l\u00e9phone +243998213787<\/p>\n\n\n\n<p>Email&nbsp;:&nbsp;<a href=\"mailto:gmuzalia@gmail.com\">gmuzalia@gmail.com<\/a>&nbsp;et&nbsp;<a href=\"mailto:gecshcerukiisp@yahoo.com\">gecshcerukiisp@yahoo.com<\/a><\/p>\n\n\n\n<p>gecshceruki@gecshceruki.org<\/p>\n\n\n\n<p>+243997833292<\/p>\n\n\n\n<p>  <\/p>\n\n\n\n<p><\/p>","protected":false},"excerpt":{"rendered":"<p>Godefroid MUZALIA KIHANGU D\u00e9partement d\u2019Histoire-Sciences socialesInstitut Sup\u00e9rieur P\u00e9dagogique de Bukavu (ISP-Bukavu)Directeur du Groupe d\u2019Etudes sur les Conflits et la S\u00e9curit\u00e9 HumaineT\u00e9l\u00e9phone +243998213787 Email&nbsp;:&nbsp;gmuzalia@gmail.com&nbsp;et&nbsp;gecshcerukiisp@yahoo.com gecshceruki@gecshceruki.org +243997833292<\/p>","protected":false},"author":1,"featured_media":0,"parent":0,"menu_order":0,"comment_status":"closed","ping_status":"closed","template":"","meta":{"_monsterinsights_skip_tracking":false,"_monsterinsights_sitenote_active":false,"_monsterinsights_sitenote_note":"","_monsterinsights_sitenote_category":0,"footnotes":""},"class_list":["post-89","page","type-page","status-publish","hentry"],"_links":{"self":[{"href":"https:\/\/gecshceruki.org\/en\/wp-json\/wp\/v2\/pages\/89","targetHints":{"allow":["GET"]}}],"collection":[{"href":"https:\/\/gecshceruki.org\/en\/wp-json\/wp\/v2\/pages"}],"about":[{"href":"https:\/\/gecshceruki.org\/en\/wp-json\/wp\/v2\/types\/page"}],"author":[{"embeddable":true,"href":"https:\/\/gecshceruki.org\/en\/wp-json\/wp\/v2\/users\/1"}],"replies":[{"embeddable":true,"href":"https:\/\/gecshceruki.org\/en\/wp-json\/wp\/v2\/comments?post=89"}],"version-history":[{"count":3,"href":"https:\/\/gecshceruki.org\/en\/wp-json\/wp\/v2\/pages\/89\/revisions"}],"predecessor-version":[{"id":130,"href":"https:\/\/gecshceruki.org\/en\/wp-json\/wp\/v2\/pages\/89\/revisions\/130"}],"wp:attachment":[{"href":"https:\/\/gecshceruki.org\/en\/wp-json\/wp\/v2\/media?parent=89"}],"curies":[{"name":"wp","href":"https:\/\/api.w.org\/{rel}","templated":true}]}}