{"id":26,"date":"2020-03-12T20:51:18","date_gmt":"2020-03-12T20:51:18","guid":{"rendered":"http:\/\/gecshceruki.org\/?page_id=26"},"modified":"2024-12-03T13:27:01","modified_gmt":"2024-12-03T13:27:01","slug":"chercheurs","status":"publish","type":"page","link":"https:\/\/gecshceruki.org\/en\/chercheurs\/","title":{"rendered":"Nos chercheurs"},"content":{"rendered":"<div class=\"wp-block-group alignfull\"><div class=\"wp-block-group__inner-container is-layout-flow wp-block-group-is-layout-flow\">\n<p><strong>1. Professeur Godefroid MUZALIA KIHANGU <\/strong>:Docteur en Sciences politiques de l\u2019Universit\u00e9 de Gand en Belgique. A pr\u00e9sent Professeur \u00e0 l\u2019Institut Sup\u00e9rieur P\u00e9dagogique de Bukavu et Directeur du Groupe d\u2019Etudes sur les Conflits et la S\u00e9curit\u00e9 Humaine. S\u2019int\u00e9resse \u00e0 la gouvernance du secteur de s\u00e9curit\u00e9, \u00e0 la s\u00e9curit\u00e9 humaine, \u00e0 la reconstruction post-conflits et l\u2019Histoire sociopolitique.<\/p>\n\n\n\n<figure class=\"wp-block-image size-large is-resized is-style-rounded\"><img loading=\"lazy\" decoding=\"async\" width=\"1024\" height=\"684\" src=\"http:\/\/gecshceruki.org\/wp-content\/uploads\/2020\/10\/DSC0129-1024x684.jpg\" alt=\"\" class=\"wp-image-316\" style=\"width:275px;height:184px\" srcset=\"https:\/\/gecshceruki.org\/wp-content\/uploads\/2020\/10\/DSC0129-1024x684.jpg 1024w, https:\/\/gecshceruki.org\/wp-content\/uploads\/2020\/10\/DSC0129-300x200.jpg 300w, https:\/\/gecshceruki.org\/wp-content\/uploads\/2020\/10\/DSC0129-768x513.jpg 768w, https:\/\/gecshceruki.org\/wp-content\/uploads\/2020\/10\/DSC0129-1536x1027.jpg 1536w, https:\/\/gecshceruki.org\/wp-content\/uploads\/2020\/10\/DSC0129-2048x1369.jpg 2048w, https:\/\/gecshceruki.org\/wp-content\/uploads\/2020\/10\/DSC0129-600x400.jpg 600w\" sizes=\"auto, (max-width: 1024px) 100vw, 1024px\" \/><\/figure>\n\n\n\n<p><strong>2.  Josaphat MUSAMBA BUSSY<\/strong>(Doctorant en sciences politiques et socials a l&#8217;Universite de Gent) Focalise son attention sur les dynamiques de S\u00e9curit\u00e9, des geurres civilles en Afrique centrale, le d\u00e9veloppement\u00a0 et gouvernance des ressources naturelles  ainsi que les transitions \u00e9cologiques.  josaphatmusambu@gmail.com <\/p>\n\n\n\n<figure class=\"wp-block-image size-large is-resized is-style-rounded\"><img loading=\"lazy\" decoding=\"async\" width=\"684\" height=\"1024\" src=\"http:\/\/gecshceruki.org\/wp-content\/uploads\/2020\/10\/image-684x1024.png\" alt=\"\" class=\"wp-image-315\" style=\"width:166px;height:247px\" srcset=\"https:\/\/gecshceruki.org\/wp-content\/uploads\/2020\/10\/image-684x1024.png 684w, https:\/\/gecshceruki.org\/wp-content\/uploads\/2020\/10\/image-201x300.png 201w, https:\/\/gecshceruki.org\/wp-content\/uploads\/2020\/10\/image-768x1149.png 768w, https:\/\/gecshceruki.org\/wp-content\/uploads\/2020\/10\/image-1027x1536.png 1027w, https:\/\/gecshceruki.org\/wp-content\/uploads\/2020\/10\/image-1369x2048.png 1369w, https:\/\/gecshceruki.org\/wp-content\/uploads\/2020\/10\/image.png 2000w\" sizes=\"auto, (max-width: 684px) 100vw, 684px\" \/><\/figure>\n\n\n\n<p> <strong>3. Chef de Travaux Innocent BALAGIZI KARHAGOMBA<\/strong><\/p>\n\n\n\n<div class=\"wp-block-group alignwide\"><div class=\"wp-block-group__inner-container is-layout-flow wp-block-group-is-layout-flow\">\n<p>  Il s\u2019int\u00e9resse \u00e0 la s\u00e9curit\u00e9 environnementale, s\u00e9curit\u00e9 alimentaire et \u00e0 la s\u00e9curit\u00e9 sanitaire. <\/p>\n<\/div><\/div>\n\n\n\n<p><strong>4.  CUBAKA MUDERHWA<\/strong>\u00a0:Travaille sur la D\u00e9centralisation, le genre et s&#8217;int\u00e9resse aussi de la sociologie de l&#8217;informatique\u00a0et la cybers\u00e9curit\u00e9;<\/p>\n\n\n\n<figure class=\"wp-block-image size-large is-resized is-style-rounded\"><img loading=\"lazy\" decoding=\"async\" width=\"640\" height=\"480\" src=\"http:\/\/gecshceruki.org\/wp-content\/uploads\/2020\/03\/IMG_0695-2.jpg\" alt=\"\" class=\"wp-image-169\" style=\"width:244px;height:183px\" srcset=\"https:\/\/gecshceruki.org\/wp-content\/uploads\/2020\/03\/IMG_0695-2.jpg 640w, https:\/\/gecshceruki.org\/wp-content\/uploads\/2020\/03\/IMG_0695-2-300x225.jpg 300w\" sizes=\"auto, (max-width: 640px) 100vw, 640px\" \/><\/figure>\n\n\n\n<p><strong>5. NGUWENEZA Espoir RWAKIRA:<\/strong>M\u00e8ne ses recherches sur les dynamiques s\u00e9curitaires entre autre : groupes arm\u00e9s, conflits intereethniques et la manipulation identitaire dans les pays de grands lacs.<\/p>\n\n\n\n<figure class=\"wp-block-gallery has-nested-images columns-default is-cropped wp-block-gallery-1 is-layout-flex wp-block-gallery-is-layout-flex\"><div class=\"wp-block-image is-style-rounded\">\n<figure class=\"aligncenter size-medium\"><img loading=\"lazy\" decoding=\"async\" width=\"300\" height=\"225\" data-id=\"548\" src=\"https:\/\/gecshceruki.org\/wp-content\/uploads\/2023\/11\/WhatsApp-Image-2023-10-30-at-11.05.29-3-edited-300x225.jpeg\" alt=\"\" class=\"wp-image-548\" srcset=\"https:\/\/gecshceruki.org\/wp-content\/uploads\/2023\/11\/WhatsApp-Image-2023-10-30-at-11.05.29-3-edited-300x225.jpeg 300w, https:\/\/gecshceruki.org\/wp-content\/uploads\/2023\/11\/WhatsApp-Image-2023-10-30-at-11.05.29-3-edited.jpeg 756w\" sizes=\"auto, (max-width: 300px) 100vw, 300px\" \/><\/figure>\n<\/div><\/figure>\n\n\n\n<p><strong>6. MUHIGIRWA CESAR\u00a0<\/strong>: Focalise son attention sur la Gouvernance transfrontali\u00e8re et \u00e9conomie politique de groupes arm\u00e9s\u00a0et les identit\u00e9s politiques<\/p>\n\n\n\n<figure class=\"wp-block-image size-large is-resized is-style-rounded\"><img loading=\"lazy\" decoding=\"async\" width=\"1024\" height=\"683\" src=\"https:\/\/gecshceruki.org\/wp-content\/uploads\/2023\/05\/9dafdf0e-5aa6-4f4d-b694-e51dd85de878-1024x683.jpg\" alt=\"\" class=\"wp-image-495\" style=\"width:240px;height:160px\" srcset=\"https:\/\/gecshceruki.org\/wp-content\/uploads\/2023\/05\/9dafdf0e-5aa6-4f4d-b694-e51dd85de878-1024x683.jpg 1024w, https:\/\/gecshceruki.org\/wp-content\/uploads\/2023\/05\/9dafdf0e-5aa6-4f4d-b694-e51dd85de878-300x200.jpg 300w, https:\/\/gecshceruki.org\/wp-content\/uploads\/2023\/05\/9dafdf0e-5aa6-4f4d-b694-e51dd85de878-768x512.jpg 768w, https:\/\/gecshceruki.org\/wp-content\/uploads\/2023\/05\/9dafdf0e-5aa6-4f4d-b694-e51dd85de878-600x400.jpg 600w, https:\/\/gecshceruki.org\/wp-content\/uploads\/2023\/05\/9dafdf0e-5aa6-4f4d-b694-e51dd85de878.jpg 1080w\" sizes=\"auto, (max-width: 1024px) 100vw, 1024px\" \/><figcaption class=\"wp-element-caption\"><a rel=\"noreferrer noopener\" href=\"mailto:cesarmuhigirwa9@gmail.com\" target=\"_blank\" class=\"rank-math-link\">cesarmuhigirwa9@gmail.com<\/a><\/figcaption><\/figure>\n\n\n\n<p><strong>7. FRANCINE MUDUNGA\u00a0:<\/strong>Porte son int\u00e9r\u00eat sur la paysannerie et d\u00e9veloppement rural, ainsi que sur les conflits et urbanit\u00e9s\u00a0;<\/p>\n\n\n\n<figure class=\"wp-block-image size-large is-resized is-style-rounded\"><img loading=\"lazy\" decoding=\"async\" width=\"681\" height=\"1024\" src=\"http:\/\/gecshceruki.org\/wp-content\/uploads\/2020\/05\/image-3-681x1024.png\" alt=\"\" class=\"wp-image-223\" style=\"width:212px;height:320px\" srcset=\"https:\/\/gecshceruki.org\/wp-content\/uploads\/2020\/05\/image-3-681x1024.png 681w, https:\/\/gecshceruki.org\/wp-content\/uploads\/2020\/05\/image-3-199x300.png 199w, https:\/\/gecshceruki.org\/wp-content\/uploads\/2020\/05\/image-3.png 718w\" sizes=\"auto, (max-width: 681px) 100vw, 681px\" \/><figcaption class=\"wp-element-caption\"><a rel=\"noreferrer noopener\" href=\"mailto:muducine@gmail.com\" target=\"_blank\">muducine@gmail.com<\/a><\/figcaption><\/figure>\n\n\n\n<p><strong> 8. Ir\u00e8ne BAHATI\u00a0<\/strong>:M\u00e8ne ses recherches sur la mobilit\u00e9 transfrontali\u00e8re, la S\u00e9curit\u00e9 humaine des femmes et enfants, fiscalit\u00e9 et \u00e9conomie informelle ainsi que la dimension genre dans l\u2019\u00e9thique de la recherche\u00a0;<\/p>\n\n\n\n<figure class=\"wp-block-image size-large is-resized is-style-rounded\"><img loading=\"lazy\" decoding=\"async\" width=\"640\" height=\"480\" src=\"http:\/\/gecshceruki.org\/wp-content\/uploads\/2020\/03\/IMG_0684.jpg\" alt=\"\" class=\"wp-image-168\" style=\"width:239px;height:179px\" srcset=\"https:\/\/gecshceruki.org\/wp-content\/uploads\/2020\/03\/IMG_0684.jpg 640w, https:\/\/gecshceruki.org\/wp-content\/uploads\/2020\/03\/IMG_0684-300x225.jpg 300w\" sizes=\"auto, (max-width: 640px) 100vw, 640px\" \/><figcaption class=\"wp-element-caption\"><a rel=\"noreferrer noopener\" href=\"mailto:ireneira70@gmail.com\" target=\"_blank\">ireneira70@gmail.com<\/a><\/figcaption><\/figure>\n\n\n\n<p><strong> 9. ALICE MUGOLI&nbsp;<\/strong>: m\u00e8ne ses recherches sur la gouvernance fonci\u00e8re et ressource naturelle avec un regard sur la probl\u00e9matique de genre <\/p>\n\n\n\n<p><strong>10. Stanislas baganda<\/strong>\u00a0:Travail sur les Effets psychologiques des groupes arm\u00e9s (cfr Gaston BOUTOUL)\u00a0;<\/p>\n\n\n\n<figure class=\"wp-block-image size-large is-resized is-style-rounded\"><img loading=\"lazy\" decoding=\"async\" width=\"640\" height=\"480\" src=\"http:\/\/gecshceruki.org\/wp-content\/uploads\/2020\/05\/image-2.png\" alt=\"\" class=\"wp-image-222\" style=\"width:257px;height:193px\" srcset=\"https:\/\/gecshceruki.org\/wp-content\/uploads\/2020\/05\/image-2.png 640w, https:\/\/gecshceruki.org\/wp-content\/uploads\/2020\/05\/image-2-300x225.png 300w\" sizes=\"auto, (max-width: 640px) 100vw, 640px\" \/><figcaption class=\"wp-element-caption\"><a rel=\"noreferrer noopener\" href=\"mailto:stanisbaganda@gmail.com\" target=\"_blank\">stanisbaganda@gmail.com<\/a><\/figcaption><\/figure>\n\n\n\n<p><strong>11. Eric BANYANGA<\/strong>:se pr\u00e9occupe\u00a0\u00a0\u00a0des dynamiques de s\u00e9curit\u00e9 urbaines , de\u00a0l\u2019Histoire anthropologique (conflits entre les tribus de l&#8217;Est).<\/p>\n\n\n\n<figure class=\"wp-block-image size-large is-resized is-style-rounded\"><img loading=\"lazy\" decoding=\"async\" width=\"767\" height=\"1024\" src=\"http:\/\/gecshceruki.org\/wp-content\/uploads\/2020\/07\/image-767x1024.png\" alt=\"\" class=\"wp-image-257\" style=\"width:220px;height:294px\" srcset=\"https:\/\/gecshceruki.org\/wp-content\/uploads\/2020\/07\/image-767x1024.png 767w, https:\/\/gecshceruki.org\/wp-content\/uploads\/2020\/07\/image-225x300.png 225w, https:\/\/gecshceruki.org\/wp-content\/uploads\/2020\/07\/image-768x1025.png 768w, https:\/\/gecshceruki.org\/wp-content\/uploads\/2020\/07\/image.png 809w\" sizes=\"auto, (max-width: 767px) 100vw, 767px\" \/><\/figure>\n\n\n\n<p>12.<strong>Christian CHIZA KASHURHA<\/strong>:Est Doctorant en Didactique de l&#8217;Histoire \u00e0 l\u2019Universit\u00e9 Catholique de Louvain (UCLouvain), ses recherches doctorales porte sur les repr\u00e9sentations sociales (RS) des enseignants d\u2019Histoire relatives \u00e0 leur discipline, \u00e0 l\u2019environnement et \u00e0 l\u2019enseignement au Congo\/Kivu .<\/p>\n\n\n\n<figure class=\"wp-block-image size-large is-resized is-style-rounded\"><img loading=\"lazy\" decoding=\"async\" width=\"393\" height=\"295\" src=\"http:\/\/gecshceruki.org\/wp-content\/uploads\/2020\/05\/image.png\" alt=\"\" class=\"wp-image-218\" style=\"width:252px;height:189px\" srcset=\"https:\/\/gecshceruki.org\/wp-content\/uploads\/2020\/05\/image.png 393w, https:\/\/gecshceruki.org\/wp-content\/uploads\/2020\/05\/image-300x225.png 300w\" sizes=\"auto, (max-width: 393px) 100vw, 393px\" \/><figcaption class=\"wp-element-caption\"><a rel=\"noreferrer noopener\" href=\"mailto:chizachikas@gmail.com\" target=\"_blank\">chizachikas@gmail.com<\/a><\/figcaption><\/figure>\n\n\n\n<p><strong>13. IMATA BULAYA Sylvie<\/strong>: Son domaine de recherche s&#8217;oriente aux d\u00e9placements des populations dans un contexte de polycrise \u00e0 l&#8217;Est de la RDC. Aussi, la gestion des resources naturelles, les savoirs socio \u00e9cologiques des peuples autochtones et la conservation n\u00e9olib\u00e9rale de la nature, Analyse des discours de haine dans les communaut\u00e9s des pays de Grand Lacs.<\/p>\n\n\n\n<figure class=\"wp-block-image size-full is-resized is-style-rounded\"><img loading=\"lazy\" decoding=\"async\" width=\"1024\" height=\"769\" src=\"https:\/\/gecshceruki.org\/wp-content\/uploads\/2024\/12\/WhatsApp-Image-2024-12-03-at-14.46.11.jpeg\" alt=\"\" class=\"wp-image-578\" style=\"width:290px;height:auto\" srcset=\"https:\/\/gecshceruki.org\/wp-content\/uploads\/2024\/12\/WhatsApp-Image-2024-12-03-at-14.46.11.jpeg 1024w, https:\/\/gecshceruki.org\/wp-content\/uploads\/2024\/12\/WhatsApp-Image-2024-12-03-at-14.46.11-300x225.jpeg 300w, https:\/\/gecshceruki.org\/wp-content\/uploads\/2024\/12\/WhatsApp-Image-2024-12-03-at-14.46.11-768x577.jpeg 768w, https:\/\/gecshceruki.org\/wp-content\/uploads\/2024\/12\/WhatsApp-Image-2024-12-03-at-14.46.11-16x12.jpeg 16w\" sizes=\"auto, (max-width: 1024px) 100vw, 1024px\" \/><figcaption class=\"wp-element-caption\">sylvieimata@gmail.com <\/figcaption><\/figure>\n<\/div><\/div>\n\n\n\n<p><strong>14. Bienvenu MUKUNGILWA:<\/strong> s\u2019int\u00e9resse aux questions des r\u00e9fugi\u00e9s, d\u2019 int\u00e9gration et la r\u00e9insertion sociale ainsi que la gouvernance urbaine.<\/p>\n\n\n\n<figure class=\"wp-block-image size-large is-resized is-style-rounded\"><img loading=\"lazy\" decoding=\"async\" width=\"684\" height=\"1024\" src=\"https:\/\/gecshceruki.org\/wp-content\/uploads\/2020\/10\/DSC0018-684x1024.jpg\" alt=\"\" class=\"wp-image-317\" style=\"width:197px;height:auto\" srcset=\"https:\/\/gecshceruki.org\/wp-content\/uploads\/2020\/10\/DSC0018-684x1024.jpg 684w, https:\/\/gecshceruki.org\/wp-content\/uploads\/2020\/10\/DSC0018-201x300.jpg 201w, https:\/\/gecshceruki.org\/wp-content\/uploads\/2020\/10\/DSC0018-768x1149.jpg 768w, https:\/\/gecshceruki.org\/wp-content\/uploads\/2020\/10\/DSC0018-1027x1536.jpg 1027w, https:\/\/gecshceruki.org\/wp-content\/uploads\/2020\/10\/DSC0018-1369x2048.jpg 1369w, https:\/\/gecshceruki.org\/wp-content\/uploads\/2020\/10\/DSC0018-scaled.jpg 1711w\" sizes=\"auto, (max-width: 684px) 100vw, 684px\" \/><\/figure>\n\n\n\n<h1 class=\"wp-block-heading has-medium-font-size\">15. Bienfait Kazamwali Mukamba : Bienfait Kazamwali Mukamba est chercheur au Groupe d&#8217;\u00c9tudes sur les Conflits et la S\u00e9curit\u00e9 Humaine (GEC-SH). Il se sp\u00e9cialise dans le champ de Peacebuilding, le climat nexus la s\u00e9curit\u00e9 humaine et les politiques environnementales dans la gouvernance de ressources naturelles.<\/h1>\n\n\n\n<p><a href=\"mailto:biencokaz@gmail.com\">biencokaz@gmail.com<\/a><\/p>\n\n\n\n<div class=\"wp-block-columns are-vertically-aligned-center is-layout-flex wp-container-core-columns-is-layout-9d6595d7 wp-block-columns-is-layout-flex\">\n<div class=\"wp-block-column is-vertically-aligned-center is-layout-flow wp-block-column-is-layout-flow\" style=\"flex-basis:100%\">\n<figure class=\"wp-block-gallery has-nested-images columns-default is-cropped wp-block-gallery-2 is-layout-flex wp-block-gallery-is-layout-flex\"><div class=\"wp-block-image is-style-rounded\">\n<figure class=\"aligncenter size-medium\"><img loading=\"lazy\" decoding=\"async\" width=\"197\" height=\"300\" data-id=\"503\" src=\"https:\/\/gecshceruki.org\/wp-content\/uploads\/2023\/07\/20230712_1235182-197x300.jpg\" alt=\"\" class=\"wp-image-503\" srcset=\"https:\/\/gecshceruki.org\/wp-content\/uploads\/2023\/07\/20230712_1235182-197x300.jpg 197w, https:\/\/gecshceruki.org\/wp-content\/uploads\/2023\/07\/20230712_1235182-673x1024.jpg 673w, https:\/\/gecshceruki.org\/wp-content\/uploads\/2023\/07\/20230712_1235182-768x1169.jpg 768w, https:\/\/gecshceruki.org\/wp-content\/uploads\/2023\/07\/20230712_1235182-1009x1536.jpg 1009w, https:\/\/gecshceruki.org\/wp-content\/uploads\/2023\/07\/20230712_1235182-1345x2048.jpg 1345w, https:\/\/gecshceruki.org\/wp-content\/uploads\/2023\/07\/20230712_1235182.jpg 1435w\" sizes=\"auto, (max-width: 197px) 100vw, 197px\" \/><\/figure>\n<\/div><\/figure>\n<\/div>\n<\/div>","protected":false},"excerpt":{"rendered":"<p>1. Professeur Godefroid MUZALIA KIHANGU :Docteur en Sciences politiques de l\u2019Universit\u00e9 de Gand en Belgique. A pr\u00e9sent Professeur \u00e0 l\u2019Institut Sup\u00e9rieur P\u00e9dagogique de Bukavu et&#8230;<\/p>","protected":false},"author":1,"featured_media":0,"parent":0,"menu_order":0,"comment_status":"closed","ping_status":"closed","template":"","meta":{"_monsterinsights_skip_tracking":false,"_monsterinsights_sitenote_active":false,"_monsterinsights_sitenote_note":"","_monsterinsights_sitenote_category":0,"footnotes":""},"class_list":["post-26","page","type-page","status-publish","hentry"],"_links":{"self":[{"href":"https:\/\/gecshceruki.org\/en\/wp-json\/wp\/v2\/pages\/26","targetHints":{"allow":["GET"]}}],"collection":[{"href":"https:\/\/gecshceruki.org\/en\/wp-json\/wp\/v2\/pages"}],"about":[{"href":"https:\/\/gecshceruki.org\/en\/wp-json\/wp\/v2\/types\/page"}],"author":[{"embeddable":true,"href":"https:\/\/gecshceruki.org\/en\/wp-json\/wp\/v2\/users\/1"}],"replies":[{"embeddable":true,"href":"https:\/\/gecshceruki.org\/en\/wp-json\/wp\/v2\/comments?post=26"}],"version-history":[{"count":44,"href":"https:\/\/gecshceruki.org\/en\/wp-json\/wp\/v2\/pages\/26\/revisions"}],"predecessor-version":[{"id":587,"href":"https:\/\/gecshceruki.org\/en\/wp-json\/wp\/v2\/pages\/26\/revisions\/587"}],"wp:attachment":[{"href":"https:\/\/gecshceruki.org\/en\/wp-json\/wp\/v2\/media?parent=26"}],"curies":[{"name":"wp","href":"https:\/\/api.w.org\/{rel}","templated":true}]}}