{"id":23,"date":"2020-03-12T20:51:18","date_gmt":"2020-03-12T20:51:18","guid":{"rendered":"http:\/\/gecshceruki.org\/?page_id=23"},"modified":"2020-12-01T08:18:38","modified_gmt":"2020-12-01T08:18:38","slug":"qui-sommes-nous","status":"publish","type":"page","link":"https:\/\/gecshceruki.org\/en\/qui-sommes-nous\/","title":{"rendered":"Qui sommes-nous"},"content":{"rendered":"<p>\n<strong>A\npropos de nous<\/strong><\/p>\n\n\n\n<p>\nLe\nGroupe d\u2019Etudes sur les Conflits et la S\u00e9curit\u00e9 Humaine (GEC-SH)\nest un cadre de recherche interdisciplinaire. C\u2019est une unit\u00e9 de\nrecherche \u00e9voluant au sein du Centre des Recherches Universitaires\ndu Kivu de l\u2019Institut Sup\u00e9rieur P\u00e9dagogique de Bukavu\n(ISP-Bukavu). Son aire d\u2019investigation est actuellement limit\u00e9e \u00e0\nla r\u00e9gion du Kivu (le Nord-Kivu, le Sud-Kivu et le Maniema).<\/p>\n\n\n\n<p>\nL\u2019objectif\nmajeur du GEC-SH est de mettre la recherche universitaire au service\nde la soci\u00e9t\u00e9. Pour y arriver, le GEC-SH voudrait r\u00e9aliser une\njonction harmonieuse entre la Recherche-action participative et la\nRecherche Acad\u00e9mique.<\/p>\n\n\n\n<p>\n<strong>Nous\naxes de recherche<\/strong><\/p>\n\n\n\n<p> Deux grandes th\u00e9matiques int\u00e9ressent le GEC-SH : les conflits (identitaires\u00a0; fonciers\u00a0; conflits politiques\u2026 et le processus de transformation des conflits ) et la s\u00e9curit\u00e9 humaine\u00a0( S\u00e9curit\u00e9 communautaire, s\u00e9curit\u00e9 de l\u2019environnement, s\u00e9curit\u00e9 politique, la s\u00e9curit\u00e9 \u00e9conomique\u2026).<\/p>\n\n\n\n<p><strong>ORGANIGRAMME DE GEC-SH<\/strong><\/p>\n\n\n\n<div class=\"wp-block-file\"><a href=\"http:\/\/gecshceruki.org\/wp-content\/uploads\/2020\/12\/ORGANIGRAMME-DE-GEC.pdf\">ORGANIGRAMME-DE-GEC<\/a><a href=\"http:\/\/gecshceruki.org\/wp-content\/uploads\/2020\/12\/ORGANIGRAMME-DE-GEC.pdf\" class=\"wp-block-file__button\" download>T\u00e9l\u00e9charger<\/a><\/div>","protected":false},"excerpt":{"rendered":"<p>A propos de nous Le Groupe d\u2019Etudes sur les Conflits et la S\u00e9curit\u00e9 Humaine (GEC-SH) est un cadre de recherche interdisciplinaire. C\u2019est une unit\u00e9 de&#8230;<\/p>","protected":false},"author":1,"featured_media":0,"parent":0,"menu_order":0,"comment_status":"closed","ping_status":"closed","template":"","meta":{"_monsterinsights_skip_tracking":false,"_monsterinsights_sitenote_active":false,"_monsterinsights_sitenote_note":"","_monsterinsights_sitenote_category":0,"footnotes":""},"class_list":["post-23","page","type-page","status-publish","hentry"],"_links":{"self":[{"href":"https:\/\/gecshceruki.org\/en\/wp-json\/wp\/v2\/pages\/23","targetHints":{"allow":["GET"]}}],"collection":[{"href":"https:\/\/gecshceruki.org\/en\/wp-json\/wp\/v2\/pages"}],"about":[{"href":"https:\/\/gecshceruki.org\/en\/wp-json\/wp\/v2\/types\/page"}],"author":[{"embeddable":true,"href":"https:\/\/gecshceruki.org\/en\/wp-json\/wp\/v2\/users\/1"}],"replies":[{"embeddable":true,"href":"https:\/\/gecshceruki.org\/en\/wp-json\/wp\/v2\/comments?post=23"}],"version-history":[{"count":3,"href":"https:\/\/gecshceruki.org\/en\/wp-json\/wp\/v2\/pages\/23\/revisions"}],"predecessor-version":[{"id":334,"href":"https:\/\/gecshceruki.org\/en\/wp-json\/wp\/v2\/pages\/23\/revisions\/334"}],"wp:attachment":[{"href":"https:\/\/gecshceruki.org\/en\/wp-json\/wp\/v2\/media?parent=23"}],"curies":[{"name":"wp","href":"https:\/\/api.w.org\/{rel}","templated":true}]}}